{"id":688,"date":"2024-07-15T13:21:49","date_gmt":"2024-07-15T18:21:49","guid":{"rendered":"http:\/\/fnac.local\/?page_id=688"},"modified":"2025-03-10T10:18:39","modified_gmt":"2025-03-10T15:18:39","slug":"organigramme-des-etapes-de-la-procedure-de-reglement-des-differends-relatifs-a-lengagement-prde","status":"publish","type":"page","link":"http:\/\/thefnac.ca\/fr\/les-litiges\/organigramme-des-etapes-de-la-procedure-de-reglement-des-differends-relatifs-a-lengagement-prde\/","title":{"rendered":"Organigramme des \u00e9tapes de la Proc\u00e9dure de r\u00e8glement des diff\u00e9rends relatifs \u00e0 l\u2019engagement (PRDE)"},"content":{"rendered":"\n<figure class=\"wp-block-image size-large\"><img loading=\"lazy\" decoding=\"async\" width=\"935\" height=\"1024\" src=\"http:\/\/thefnac.ca\/wp-content\/uploads\/2025\/03\/First-Nations-Drinking-Water-Class-Action-Settlement-Commitment-Dispute-Resolution-935x1024.jpg\" alt=\"\" class=\"wp-image-810\" srcset=\"http:\/\/thefnac.ca\/wp-content\/uploads\/2025\/03\/First-Nations-Drinking-Water-Class-Action-Settlement-Commitment-Dispute-Resolution-935x1024.jpg 935w, http:\/\/thefnac.ca\/wp-content\/uploads\/2025\/03\/First-Nations-Drinking-Water-Class-Action-Settlement-Commitment-Dispute-Resolution-274x300.jpg 274w, http:\/\/thefnac.ca\/wp-content\/uploads\/2025\/03\/First-Nations-Drinking-Water-Class-Action-Settlement-Commitment-Dispute-Resolution-768x842.jpg 768w, http:\/\/thefnac.ca\/wp-content\/uploads\/2025\/03\/First-Nations-Drinking-Water-Class-Action-Settlement-Commitment-Dispute-Resolution-1402x1536.jpg 1402w, http:\/\/thefnac.ca\/wp-content\/uploads\/2025\/03\/First-Nations-Drinking-Water-Class-Action-Settlement-Commitment-Dispute-Resolution.jpg 1514w\" sizes=\"auto, (max-width: 935px) 100vw, 935px\" \/><\/figure>\n\n\n\n<figure class=\"wp-block-image size-large\"><img loading=\"lazy\" decoding=\"async\" width=\"928\" height=\"1024\" src=\"http:\/\/thefnac.ca\/wp-content\/uploads\/2025\/03\/Pre-CDR-Process-for-Water-and-Waste-water-Infrastructure-928x1024.jpg\" alt=\"\" class=\"wp-image-813\" srcset=\"http:\/\/thefnac.ca\/wp-content\/uploads\/2025\/03\/Pre-CDR-Process-for-Water-and-Waste-water-Infrastructure-928x1024.jpg 928w, http:\/\/thefnac.ca\/wp-content\/uploads\/2025\/03\/Pre-CDR-Process-for-Water-and-Waste-water-Infrastructure-272x300.jpg 272w, http:\/\/thefnac.ca\/wp-content\/uploads\/2025\/03\/Pre-CDR-Process-for-Water-and-Waste-water-Infrastructure-768x847.jpg 768w, http:\/\/thefnac.ca\/wp-content\/uploads\/2025\/03\/Pre-CDR-Process-for-Water-and-Waste-water-Infrastructure-1393x1536.jpg 1393w, http:\/\/thefnac.ca\/wp-content\/uploads\/2025\/03\/Pre-CDR-Process-for-Water-and-Waste-water-Infrastructure.jpg 1514w\" sizes=\"auto, (max-width: 928px) 100vw, 928px\" \/><\/figure>\n\n\n\n<figure class=\"wp-block-image size-large\"><img loading=\"lazy\" decoding=\"async\" width=\"967\" height=\"1024\" src=\"http:\/\/thefnac.ca\/wp-content\/uploads\/2025\/03\/Collaborative-Negotiations-967x1024.jpg\" alt=\"\" class=\"wp-image-815\" srcset=\"http:\/\/thefnac.ca\/wp-content\/uploads\/2025\/03\/Collaborative-Negotiations-967x1024.jpg 967w, http:\/\/thefnac.ca\/wp-content\/uploads\/2025\/03\/Collaborative-Negotiations-283x300.jpg 283w, http:\/\/thefnac.ca\/wp-content\/uploads\/2025\/03\/Collaborative-Negotiations-768x814.jpg 768w, http:\/\/thefnac.ca\/wp-content\/uploads\/2025\/03\/Collaborative-Negotiations-1450x1536.jpg 1450w, http:\/\/thefnac.ca\/wp-content\/uploads\/2025\/03\/Collaborative-Negotiations.jpg 1514w\" sizes=\"auto, (max-width: 967px) 100vw, 967px\" \/><\/figure>\n\n\n\n<figure class=\"wp-block-image size-large\"><img loading=\"lazy\" decoding=\"async\" width=\"802\" height=\"1024\" src=\"http:\/\/thefnac.ca\/wp-content\/uploads\/2025\/03\/Mediation-802x1024.jpg\" alt=\"\" class=\"wp-image-817\" srcset=\"http:\/\/thefnac.ca\/wp-content\/uploads\/2025\/03\/Mediation-802x1024.jpg 802w, http:\/\/thefnac.ca\/wp-content\/uploads\/2025\/03\/Mediation-235x300.jpg 235w, http:\/\/thefnac.ca\/wp-content\/uploads\/2025\/03\/Mediation-768x980.jpg 768w, http:\/\/thefnac.ca\/wp-content\/uploads\/2025\/03\/Mediation-1204x1536.jpg 1204w, http:\/\/thefnac.ca\/wp-content\/uploads\/2025\/03\/Mediation.jpg 1514w\" sizes=\"auto, (max-width: 802px) 100vw, 802px\" \/><\/figure>\n\n\n\n<figure class=\"wp-block-image size-large\"><img loading=\"lazy\" decoding=\"async\" width=\"846\" height=\"1024\" src=\"http:\/\/thefnac.ca\/wp-content\/uploads\/2025\/03\/Arbitration-846x1024.jpg\" alt=\"\" class=\"wp-image-819\" srcset=\"http:\/\/thefnac.ca\/wp-content\/uploads\/2025\/03\/Arbitration-846x1024.jpg 846w, http:\/\/thefnac.ca\/wp-content\/uploads\/2025\/03\/Arbitration-248x300.jpg 248w, http:\/\/thefnac.ca\/wp-content\/uploads\/2025\/03\/Arbitration-768x930.jpg 768w, http:\/\/thefnac.ca\/wp-content\/uploads\/2025\/03\/Arbitration-1269x1536.jpg 1269w, http:\/\/thefnac.ca\/wp-content\/uploads\/2025\/03\/Arbitration.jpg 1514w\" sizes=\"auto, (max-width: 846px) 100vw, 846px\" \/><\/figure>\n","protected":false},"excerpt":{"rendered":"","protected":false},"author":4,"featured_media":0,"parent":682,"menu_order":0,"comment_status":"closed","ping_status":"closed","template":"","meta":{"_acf_changed":false,"footnotes":""},"class_list":["post-688","page","type-page","status-publish","hentry"],"acf":[],"_links":{"self":[{"href":"http:\/\/thefnac.ca\/fr\/wp-json\/wp\/v2\/pages\/688","targetHints":{"allow":["GET"]}}],"collection":[{"href":"http:\/\/thefnac.ca\/fr\/wp-json\/wp\/v2\/pages"}],"about":[{"href":"http:\/\/thefnac.ca\/fr\/wp-json\/wp\/v2\/types\/page"}],"author":[{"embeddable":true,"href":"http:\/\/thefnac.ca\/fr\/wp-json\/wp\/v2\/users\/4"}],"replies":[{"embeddable":true,"href":"http:\/\/thefnac.ca\/fr\/wp-json\/wp\/v2\/comments?post=688"}],"version-history":[{"count":0,"href":"http:\/\/thefnac.ca\/fr\/wp-json\/wp\/v2\/pages\/688\/revisions"}],"up":[{"embeddable":true,"href":"http:\/\/thefnac.ca\/fr\/wp-json\/wp\/v2\/pages\/682"}],"wp:attachment":[{"href":"http:\/\/thefnac.ca\/fr\/wp-json\/wp\/v2\/media?parent=688"}],"curies":[{"name":"wp","href":"https:\/\/api.w.org\/{rel}","templated":true}]}}