{"id":666,"date":"2024-05-22T14:13:51","date_gmt":"2024-05-22T19:13:51","guid":{"rendered":"http:\/\/fnac.local\/?page_id=666"},"modified":"2025-03-08T09:41:27","modified_gmt":"2025-03-08T15:41:27","slug":"qui-est-admissible-a-un-financement-et-quels-sont-les-fonds-disponibles","status":"publish","type":"page","link":"http:\/\/thefnac.ca\/fr\/financement-disponible\/infrastructures-pour-leau-et-les-eaux-usees\/qui-est-admissible-a-un-financement-et-quels-sont-les-fonds-disponibles\/","title":{"rendered":"Qui est admissible \u00e0 un financement et quels sont les fonds disponibles?"},"content":{"rendered":"\n<h2 class=\"wp-block-heading\">Qui est admissible<\/h2>\n\n\n\n<figure class=\"wp-block-image alignright size-full\"><img loading=\"lazy\" decoding=\"async\" width=\"343\" height=\"452\" src=\"http:\/\/thefnac.ca\/wp-content\/uploads\/2024\/08\/w-ww-eligible-img-1.webp\" alt=\"\" class=\"wp-image-523\" srcset=\"http:\/\/thefnac.ca\/wp-content\/uploads\/2024\/08\/w-ww-eligible-img-1.webp 343w, http:\/\/thefnac.ca\/wp-content\/uploads\/2024\/08\/w-ww-eligible-img-1-228x300.webp 228w\" sizes=\"auto, (max-width: 343px) 100vw, 343px\" \/><\/figure>\n\n\n\n<p>Si vous \u00eates une r\u00e9serve des Premi\u00e8res Nations comptant des personnes membres du groupe qui ont r\u00e9sid\u00e9 habituellement dans votre r\u00e9serve pendant au moins un an entre le 20 novembre 1995 et le 20 juin 2021, alors que votre r\u00e9serve faisait l\u2019objet d\u2019un avis concernant la qualit\u00e9 de l\u2019eau potable \u00e0 long terme, vous pouvez demander au Canada de financer les co\u00fbts r\u00e9els de construction, d\u2019am\u00e9lioration, d\u2019exploitation et d\u2019entretien de l\u2019infrastructure d\u2019approvisionnement en eau et de traitement des eaux us\u00e9es dans votre r\u00e9serve.<\/p>\n\n\n\n<p>Cette admissibilit\u00e9 est bas\u00e9e sur les \u00e9l\u00e9ments suivants&nbsp;:<\/p>\n\n\n\n<h3 class=\"wp-block-heading\">Le r\u00e8glement<\/h3>\n\n\n\n<p>Le Canada est li\u00e9 par une entente de r\u00e8glement de recours collectif national qu\u2019il a conclu le 15&nbsp;septembre 2021 avec un groupe de Premi\u00e8res Nations et leurs membres dans tout le pays<\/p>\n\n\n\n<h3 class=\"wp-block-heading\">Les ordonnances du tribunal<\/h3>\n\n\n\n<p>Le 22 d\u00e9cembre 2021, l\u2019Entente de r\u00e8glement a \u00e9t\u00e9 approuv\u00e9e par l\u2019entremise d\u2019ordonnances du tribunal de la Cour f\u00e9d\u00e9rale du Canada et de la Cour du Banc de la Reine du Manitoba<\/p>\n\n\n\n<h3 class=\"wp-block-heading\">Le Canada est li\u00e9<\/h3>\n\n\n\n<p>Par cons\u00e9quent, l\u2019Entente de r\u00e8glement engage obligatoirement le Canada sur le plan contractuel et aux termes des ordonnances du tribunal.<\/p>\n\n\n\n<figure class=\"wp-block-image size-full\"><img loading=\"lazy\" decoding=\"async\" width=\"1170\" height=\"426\" src=\"https:\/\/thefnac.ca\/wp-content\/uploads\/2024\/08\/w-ww-eligible-img-2.webp\" alt=\"\" class=\"wp-image-522\" srcset=\"http:\/\/thefnac.ca\/wp-content\/uploads\/2024\/08\/w-ww-eligible-img-2.webp 1170w, http:\/\/thefnac.ca\/wp-content\/uploads\/2024\/08\/w-ww-eligible-img-2-300x109.webp 300w, http:\/\/thefnac.ca\/wp-content\/uploads\/2024\/08\/w-ww-eligible-img-2-1024x373.webp 1024w, http:\/\/thefnac.ca\/wp-content\/uploads\/2024\/08\/w-ww-eligible-img-2-768x280.webp 768w\" sizes=\"auto, (max-width: 1170px) 100vw, 1170px\" \/><\/figure>\n\n\n\n<h3 class=\"wp-block-heading\">Obligations essentielles du Canada dans le cadre de l\u2019Entente de r\u00e8glement et des ordonnances du tribunal<\/h3>\n\n\n\n<p>Le Canada doit financer le co\u00fbt r\u00e9el de l\u2019approvisionnement des Premi\u00e8res Nations en eau potable r\u00e9pondant \u00e0 des normes sp\u00e9cifiques de qualit\u00e9 et de quantit\u00e9. Cette obligation est \u00e9nonc\u00e9e \u00e0 l\u2019article 9.02 du r\u00e8glement.<\/p>\n\n\n\n<p><strong>9.02 Engagement \u00e0 prendre d\u2019autres mesures<\/strong><\/p>\n\n\n\n<p>(1) [Le] Canada d\u00e9ploie tous les efforts raisonnables pour veiller \u00e0 ce que les personnes membres du groupe qui vivent dans des r\u00e9serves aient un <strong>acc\u00e8s \u00e0 une source fiable<\/strong> d\u2019eau potable dans leurs foyers [\u2026] <strong>qui [respecte] les exigences f\u00e9d\u00e9rales ou les normes provinciales les plus rigoureuses en mati\u00e8re de qualit\u00e9 de l\u2019eau \u00e0 domicile<\/strong> (l\u2019\u00ab&nbsp;<strong>engagement<\/strong>&nbsp;\u00bb).<\/p>\n\n\n\n<p class=\"pl-4\">a) L\u2019\u00ab&nbsp;acc\u00e8s \u00e0 une source fiable d\u2019eau potable&nbsp;\u00bb doit \u00eatre de nature et en quantit\u00e9 suffisantes pour permettre toute utilisation habituelle et n\u00e9cessaire de l\u2019eau dans un foyer canadien semblable, y compris, notamment, l\u2019eau potable, le bain et l\u2019hygi\u00e8ne personnelle, la pr\u00e9paration et le lavage des aliments, l\u2019assainissement et la lessive;<\/p>\n\n\n\n<p>2) Le Canada d\u00e9pensera au moins six milliards de dollars (6&nbsp;000&nbsp;000&nbsp;000&nbsp;$) entre le 20&nbsp;juin 2021 et le 31&nbsp;mars 2030 pour respecter l\u2019engagement, \u00e0 raison d\u2019au moins quatre cents millions de dollars (400&nbsp;000&nbsp;000&nbsp;$) par exercice financier se terminant le 31&nbsp;mars, en finan\u00e7ant les co\u00fbts r\u00e9els de la construction, de l\u2019am\u00e9lioration, du fonctionnement et de l\u2019entretien de l\u2019infrastructure d\u2019approvisionnement en eau dans les r\u00e9serves pour les Premi\u00e8res Nations [\u2026]<\/p>\n\n\n\n<p>L\u2019obligation du Canada de d\u00e9penser au moins 6&nbsp;milliards de dollars entre le 20&nbsp;juin 2021 et le 31&nbsp;mars 2030 pour respecter l\u2019engagement, \u00e0 raison d\u2019au moins 400&nbsp;millions de dollars par exercice financier se terminant le 31&nbsp;mars, est le minimum que le Canada doit d\u00e9penser \u2013 si plus d\u2019argent est n\u00e9cessaire pour que le Canada respecte son engagement, plus d\u2019argent DOIT \u00eatre d\u00e9pens\u00e9. Cette obligation n\u2019est pas soumise \u00e0 un plafond de financement.<\/p>\n\n\n\n<div style=\"height:500px\" aria-hidden=\"true\" class=\"wp-block-spacer\"><\/div>\n","protected":false},"excerpt":{"rendered":"<p>Qui est admissible Si vous \u00eates une r\u00e9serve des Premi\u00e8res Nations comptant des personnes membres du groupe qui ont r\u00e9sid\u00e9 habituellement dans votre r\u00e9serve pendant au moins un an entre le 20 novembre 1995 et le 20 juin 2021, alors que votre r\u00e9serve faisait l\u2019objet d\u2019un avis concernant la qualit\u00e9 de l\u2019eau potable \u00e0 long &hellip;<\/p>\n","protected":false},"author":4,"featured_media":0,"parent":662,"menu_order":0,"comment_status":"closed","ping_status":"closed","template":"","meta":{"_acf_changed":false,"footnotes":""},"class_list":["post-666","page","type-page","status-publish","hentry"],"acf":[],"_links":{"self":[{"href":"http:\/\/thefnac.ca\/fr\/wp-json\/wp\/v2\/pages\/666","targetHints":{"allow":["GET"]}}],"collection":[{"href":"http:\/\/thefnac.ca\/fr\/wp-json\/wp\/v2\/pages"}],"about":[{"href":"http:\/\/thefnac.ca\/fr\/wp-json\/wp\/v2\/types\/page"}],"author":[{"embeddable":true,"href":"http:\/\/thefnac.ca\/fr\/wp-json\/wp\/v2\/users\/4"}],"replies":[{"embeddable":true,"href":"http:\/\/thefnac.ca\/fr\/wp-json\/wp\/v2\/comments?post=666"}],"version-history":[{"count":0,"href":"http:\/\/thefnac.ca\/fr\/wp-json\/wp\/v2\/pages\/666\/revisions"}],"up":[{"embeddable":true,"href":"http:\/\/thefnac.ca\/fr\/wp-json\/wp\/v2\/pages\/662"}],"wp:attachment":[{"href":"http:\/\/thefnac.ca\/fr\/wp-json\/wp\/v2\/media?parent=666"}],"curies":[{"name":"wp","href":"https:\/\/api.w.org\/{rel}","templated":true}]}}